{"id":453,"date":"2023-02-14T22:43:18","date_gmt":"2023-02-14T22:43:18","guid":{"rendered":"https:\/\/fhu-mamuth.org\/mentions-legales\/"},"modified":"2024-01-11T13:13:36","modified_gmt":"2024-01-11T13:13:36","slug":"mentions-legales","status":"publish","type":"page","link":"https:\/\/fhu-mamuth.org\/en\/mentions-legales\/","title":{"rendered":"Mentions L\u00e9gales"},"content":{"rendered":"\n<h2 class=\"wp-block-heading\">Mentions l\u00e9gales<\/h2>\n\n\n\n<ul class=\"wp-block-list\">\n<li>Directeur de la publication&nbsp;: Rapha\u00ebl Vialle<\/li>\n\n\n\n<li>Editorial&nbsp;: FHU MAMUTH<\/li>\n\n\n\n<li>H\u00e9bergement\u00a0: <a href=\"https:\/\/www.infomaniak.com\/fr\/a-propos\" target=\"_blank\" aria-label=\"Infomaniak (opens in a new tab)\" rel=\"noreferrer noopener\" class=\"ek-link\">Infomaniak<\/a><\/li>\n<\/ul>\n\n\n\n<h2 class=\"wp-block-heading\">D\u00e9claration CNIL<\/h2>\n\n\n\n<p>Ce site est dispens\u00e9 de d\u00e9claration aupr\u00e8s de la CNIL pour les traitements des donn\u00e9es personnelles et nominatives car il correspond aux crit\u00e8res d\u00e9finis dans la \u00ab&nbsp;Dispense de d\u00e9claration n\u00b07 \u2013 09 Mai 2006&nbsp;\u00bb (D\u00e9lib\u00e9ration n\u00b02006-138 du 9 mai 2006 d\u00e9cidant de la dispense de d\u00e9claration des traitements constitu\u00e9s \u00e0 des fins d\u2019information ou de communication externe).<\/p>\n\n\n\n<h2 class=\"wp-block-heading\">Conditions g\u00e9n\u00e9rales d\u2019utilisation<\/h2>\n\n\n\n<h3 class=\"wp-block-heading\">Clause de non-responsabilit\u00e9<\/h3>\n\n\n\n<p>La responsabilit\u00e9 de la FHU MAMUTH ne peut, en aucun cas, \u00eatre engag\u00e9e quant au contenu des informations figurant sur ce site ou aux cons\u00e9quences pouvant r\u00e9sulter de leur utilisation ou interpr\u00e9tation<\/p>\n\n\n\n<h3 class=\"wp-block-heading\">Liens hypertextes du site de la FHU MAMUTH vers des sites tiers<\/h3>\n\n\n\n<p>La responsabilit\u00e9 de la FHU MAMUTH ne saurait \u00eatre engag\u00e9e pour les informations contenues sur les sites vers lesquels renvoie le site www.fhu-mamuth.org , quelle qu\u2019en soit la nature.<\/p>\n\n\n\n<h3 class=\"wp-block-heading\">Liens hypertextes de sites tiers vers les pages du site de la FHU MAMUTH<\/h3>\n\n\n\n<p>Les \u00e9l\u00e9ments de ces sites sont prot\u00e9g\u00e9s par le droit d\u2019auteur, le droit des marques, les r\u00e8gles de concurrence d\u00e9loyale et d\u2019autres lois, et ne doivent pas \u00eatre copi\u00e9s ou imit\u00e9s, en tout ou partie, par quelque moyen que ce soit, y compris par le biais de liens hypertextes profonds utilisant notamment des proc\u00e9d\u00e9s tels que le framing (encadrement).<br>Aucun \u00e9l\u00e9ment de ces sites ne doit \u00eatre r\u00e9utilis\u00e9 sans l\u2019accord pr\u00e9alable expresse, par \u00e9crit, de la FHU MAMUTH. Si vous souhaitez mettre en place des hyperliens vers notre site, contactez-nous pour plus d\u2019informations.<\/p>\n","protected":false},"excerpt":{"rendered":"<p>Mentions l\u00e9gales D\u00e9claration CNIL Ce site est dispens\u00e9 de d\u00e9claration aupr\u00e8s de la CNIL pour les traitements des donn\u00e9es personnelles et nominatives car il correspond aux crit\u00e8res d\u00e9finis dans la \u00ab&nbsp;Dispense de d\u00e9claration n\u00b07 \u2013 09 Mai 2006&nbsp;\u00bb (D\u00e9lib\u00e9ration n\u00b02006-138 du 9 mai 2006 d\u00e9cidant de la dispense de d\u00e9claration des traitements constitu\u00e9s \u00e0 des [&hellip;]<\/p>\n","protected":false},"author":2,"featured_media":0,"parent":0,"menu_order":200,"comment_status":"closed","ping_status":"closed","template":"","meta":{"_editorskit_title_hidden":false,"_editorskit_reading_time":0,"_editorskit_is_block_options_detached":false,"_editorskit_block_options_position":"{}","_uag_custom_page_level_css":"","footnotes":""},"class_list":["post-453","page","type-page","status-publish","hentry"],"yoast_head":"<!-- This site is optimized with the Yoast SEO plugin v27.2 - https:\/\/yoast.com\/product\/yoast-seo-wordpress\/ -->\n<title>Mentions L\u00e9gales - FHU MAMUTH<\/title>\n<meta name=\"robots\" content=\"index, follow, max-snippet:-1, max-image-preview:large, max-video-preview:-1\" \/>\n<link rel=\"canonical\" href=\"https:\/\/fhu-mamuth.org\/en\/mentions-legales\/\" \/>\n<meta property=\"og:locale\" content=\"en_US\" \/>\n<meta property=\"og:type\" content=\"article\" \/>\n<meta property=\"og:title\" content=\"Mentions L\u00e9gales - FHU MAMUTH\" \/>\n<meta property=\"og:description\" content=\"Mentions l\u00e9gales D\u00e9claration CNIL Ce site est dispens\u00e9 de d\u00e9claration aupr\u00e8s de la CNIL pour les traitements des donn\u00e9es personnelles et nominatives car il correspond aux crit\u00e8res d\u00e9finis dans la \u00ab&nbsp;Dispense de d\u00e9claration n\u00b07 \u2013 09 Mai 2006&nbsp;\u00bb (D\u00e9lib\u00e9ration n\u00b02006-138 du 9 mai 2006 d\u00e9cidant de la dispense de d\u00e9claration des traitements constitu\u00e9s \u00e0 des [&hellip;]\" \/>\n<meta property=\"og:url\" content=\"https:\/\/fhu-mamuth.org\/en\/mentions-legales\/\" \/>\n<meta property=\"og:site_name\" content=\"FHU MAMUTH\" \/>\n<meta property=\"article:modified_time\" content=\"2024-01-11T13:13:36+00:00\" \/>\n<meta property=\"og:image\" content=\"https:\/\/fhu-mamuth.org\/wp-content\/uploads\/2023\/02\/Logo_Mamuth.png\" \/>\n\t<meta property=\"og:image:width\" content=\"400\" \/>\n\t<meta property=\"og:image:height\" content=\"273\" \/>\n\t<meta property=\"og:image:type\" content=\"image\/png\" \/>\n<meta name=\"twitter:card\" content=\"summary_large_image\" \/>\n<meta name=\"twitter:label1\" content=\"Est. reading time\" \/>\n\t<meta name=\"twitter:data1\" content=\"1 minute\" \/>\n<script type=\"application\/ld+json\" class=\"yoast-schema-graph\">{\"@context\":\"https:\/\/schema.org\",\"@graph\":[{\"@type\":\"WebPage\",\"@id\":\"https:\/\/fhu-mamuth.org\/en\/mentions-legales\/\",\"url\":\"https:\/\/fhu-mamuth.org\/en\/mentions-legales\/\",\"name\":\"Mentions L\u00e9gales - FHU MAMUTH\",\"isPartOf\":{\"@id\":\"https:\/\/fhu-mamuth.org\/en\/#website\"},\"datePublished\":\"2023-02-14T22:43:18+00:00\",\"dateModified\":\"2024-01-11T13:13:36+00:00\",\"breadcrumb\":{\"@id\":\"https:\/\/fhu-mamuth.org\/en\/mentions-legales\/#breadcrumb\"},\"inLanguage\":\"en-US\",\"potentialAction\":[{\"@type\":\"ReadAction\",\"target\":[\"https:\/\/fhu-mamuth.org\/en\/mentions-legales\/\"]}]},{\"@type\":\"BreadcrumbList\",\"@id\":\"https:\/\/fhu-mamuth.org\/en\/mentions-legales\/#breadcrumb\",\"itemListElement\":[{\"@type\":\"ListItem\",\"position\":1,\"name\":\"Home\",\"item\":\"https:\/\/fhu-mamuth.org\/en\/home\/\"},{\"@type\":\"ListItem\",\"position\":2,\"name\":\"Mentions L\u00e9gales\"}]},{\"@type\":\"WebSite\",\"@id\":\"https:\/\/fhu-mamuth.org\/en\/#website\",\"url\":\"https:\/\/fhu-mamuth.org\/en\/\",\"name\":\"FHU MAMUTH\",\"description\":\"FHU MAladies MUsculo-squelettiques et innovations TH\u00e9rapeutiques\",\"publisher\":{\"@id\":\"https:\/\/fhu-mamuth.org\/en\/#organization\"},\"potentialAction\":[{\"@type\":\"SearchAction\",\"target\":{\"@type\":\"EntryPoint\",\"urlTemplate\":\"https:\/\/fhu-mamuth.org\/en\/?s={search_term_string}\"},\"query-input\":{\"@type\":\"PropertyValueSpecification\",\"valueRequired\":true,\"valueName\":\"search_term_string\"}}],\"inLanguage\":\"en-US\"},{\"@type\":\"Organization\",\"@id\":\"https:\/\/fhu-mamuth.org\/en\/#organization\",\"name\":\"FHU MAMUTH\",\"alternateName\":\"FHU MAladies MUsculo-squelettiques et innovations TH\u00e9rapeutiques\",\"url\":\"https:\/\/fhu-mamuth.org\/en\/\",\"logo\":{\"@type\":\"ImageObject\",\"inLanguage\":\"en-US\",\"@id\":\"https:\/\/fhu-mamuth.org\/en\/#\/schema\/logo\/image\/\",\"url\":\"https:\/\/fhu-mamuth.org\/wp-content\/uploads\/2025\/05\/Logo_FHU_MAMUTH_H_C.svg\",\"contentUrl\":\"https:\/\/fhu-mamuth.org\/wp-content\/uploads\/2025\/05\/Logo_FHU_MAMUTH_H_C.svg\",\"caption\":\"FHU MAMUTH\"},\"image\":{\"@id\":\"https:\/\/fhu-mamuth.org\/en\/#\/schema\/logo\/image\/\"}}]}<\/script>\n<!-- \/ Yoast SEO plugin. -->","yoast_head_json":{"title":"Mentions L\u00e9gales - FHU MAMUTH","robots":{"index":"index","follow":"follow","max-snippet":"max-snippet:-1","max-image-preview":"max-image-preview:large","max-video-preview":"max-video-preview:-1"},"canonical":"https:\/\/fhu-mamuth.org\/en\/mentions-legales\/","og_locale":"en_US","og_type":"article","og_title":"Mentions L\u00e9gales - FHU MAMUTH","og_description":"Mentions l\u00e9gales D\u00e9claration CNIL Ce site est dispens\u00e9 de d\u00e9claration aupr\u00e8s de la CNIL pour les traitements des donn\u00e9es personnelles et nominatives car il correspond aux crit\u00e8res d\u00e9finis dans la \u00ab&nbsp;Dispense de d\u00e9claration n\u00b07 \u2013 09 Mai 2006&nbsp;\u00bb (D\u00e9lib\u00e9ration n\u00b02006-138 du 9 mai 2006 d\u00e9cidant de la dispense de d\u00e9claration des traitements constitu\u00e9s \u00e0 des [&hellip;]","og_url":"https:\/\/fhu-mamuth.org\/en\/mentions-legales\/","og_site_name":"FHU MAMUTH","article_modified_time":"2024-01-11T13:13:36+00:00","og_image":[{"width":400,"height":273,"url":"https:\/\/fhu-mamuth.org\/wp-content\/uploads\/2023\/02\/Logo_Mamuth.png","type":"image\/png"}],"twitter_card":"summary_large_image","twitter_misc":{"Est. reading time":"1 minute"},"schema":{"@context":"https:\/\/schema.org","@graph":[{"@type":"WebPage","@id":"https:\/\/fhu-mamuth.org\/en\/mentions-legales\/","url":"https:\/\/fhu-mamuth.org\/en\/mentions-legales\/","name":"Mentions L\u00e9gales - FHU MAMUTH","isPartOf":{"@id":"https:\/\/fhu-mamuth.org\/en\/#website"},"datePublished":"2023-02-14T22:43:18+00:00","dateModified":"2024-01-11T13:13:36+00:00","breadcrumb":{"@id":"https:\/\/fhu-mamuth.org\/en\/mentions-legales\/#breadcrumb"},"inLanguage":"en-US","potentialAction":[{"@type":"ReadAction","target":["https:\/\/fhu-mamuth.org\/en\/mentions-legales\/"]}]},{"@type":"BreadcrumbList","@id":"https:\/\/fhu-mamuth.org\/en\/mentions-legales\/#breadcrumb","itemListElement":[{"@type":"ListItem","position":1,"name":"Home","item":"https:\/\/fhu-mamuth.org\/en\/home\/"},{"@type":"ListItem","position":2,"name":"Mentions L\u00e9gales"}]},{"@type":"WebSite","@id":"https:\/\/fhu-mamuth.org\/en\/#website","url":"https:\/\/fhu-mamuth.org\/en\/","name":"FHU MAMUTH","description":"FHU MAladies MUsculo-squelettiques et innovations TH\u00e9rapeutiques","publisher":{"@id":"https:\/\/fhu-mamuth.org\/en\/#organization"},"potentialAction":[{"@type":"SearchAction","target":{"@type":"EntryPoint","urlTemplate":"https:\/\/fhu-mamuth.org\/en\/?s={search_term_string}"},"query-input":{"@type":"PropertyValueSpecification","valueRequired":true,"valueName":"search_term_string"}}],"inLanguage":"en-US"},{"@type":"Organization","@id":"https:\/\/fhu-mamuth.org\/en\/#organization","name":"FHU MAMUTH","alternateName":"FHU MAladies MUsculo-squelettiques et innovations TH\u00e9rapeutiques","url":"https:\/\/fhu-mamuth.org\/en\/","logo":{"@type":"ImageObject","inLanguage":"en-US","@id":"https:\/\/fhu-mamuth.org\/en\/#\/schema\/logo\/image\/","url":"https:\/\/fhu-mamuth.org\/wp-content\/uploads\/2025\/05\/Logo_FHU_MAMUTH_H_C.svg","contentUrl":"https:\/\/fhu-mamuth.org\/wp-content\/uploads\/2025\/05\/Logo_FHU_MAMUTH_H_C.svg","caption":"FHU MAMUTH"},"image":{"@id":"https:\/\/fhu-mamuth.org\/en\/#\/schema\/logo\/image\/"}}]}},"uagb_featured_image_src":{"full":false,"thumbnail":false,"medium":false,"medium_large":false,"large":false,"1536x1536":false,"2048x2048":false,"post-thumbnail":false,"twentytwenty-fullscreen":false},"uagb_author_info":{"display_name":"Laurent ANGELI","author_link":"https:\/\/fhu-mamuth.org\/en\/author\/adm_fhum_la\/"},"uagb_comment_info":0,"uagb_excerpt":"Mentions l\u00e9gales D\u00e9claration CNIL Ce site est dispens\u00e9 de d\u00e9claration aupr\u00e8s de la CNIL pour les traitements des donn\u00e9es personnelles et nominatives car il correspond aux crit\u00e8res d\u00e9finis dans la \u00ab&nbsp;Dispense de d\u00e9claration n\u00b07 \u2013 09 Mai 2006&nbsp;\u00bb (D\u00e9lib\u00e9ration n\u00b02006-138 du 9 mai 2006 d\u00e9cidant de la dispense de d\u00e9claration des traitements constitu\u00e9s \u00e0 des&hellip;","_links":{"self":[{"href":"https:\/\/fhu-mamuth.org\/en\/wp-json\/wp\/v2\/pages\/453","targetHints":{"allow":["GET"]}}],"collection":[{"href":"https:\/\/fhu-mamuth.org\/en\/wp-json\/wp\/v2\/pages"}],"about":[{"href":"https:\/\/fhu-mamuth.org\/en\/wp-json\/wp\/v2\/types\/page"}],"author":[{"embeddable":true,"href":"https:\/\/fhu-mamuth.org\/en\/wp-json\/wp\/v2\/users\/2"}],"replies":[{"embeddable":true,"href":"https:\/\/fhu-mamuth.org\/en\/wp-json\/wp\/v2\/comments?post=453"}],"version-history":[{"count":2,"href":"https:\/\/fhu-mamuth.org\/en\/wp-json\/wp\/v2\/pages\/453\/revisions"}],"predecessor-version":[{"id":683,"href":"https:\/\/fhu-mamuth.org\/en\/wp-json\/wp\/v2\/pages\/453\/revisions\/683"}],"wp:attachment":[{"href":"https:\/\/fhu-mamuth.org\/en\/wp-json\/wp\/v2\/media?parent=453"}],"curies":[{"name":"wp","href":"https:\/\/api.w.org\/{rel}","templated":true}]}}