{"id":455,"date":"2023-02-14T14:18:41","date_gmt":"2023-02-14T14:18:41","guid":{"rendered":"https:\/\/fhu-mamuth.org\/nous-contacter\/"},"modified":"2023-02-14T14:18:41","modified_gmt":"2023-02-14T14:18:41","slug":"nous-contacter","status":"publish","type":"page","link":"https:\/\/fhu-mamuth.org\/en\/nous-contacter\/","title":{"rendered":"Nous contacter"},"content":{"rendered":"\n<div class=\"wp-block-contact-form-7-contact-form-selector\">\n<div class=\"wpcf7 no-js\" id=\"wpcf7-f136-o1\" lang=\"fr-FR\" dir=\"ltr\" data-wpcf7-id=\"136\">\n<div class=\"screen-reader-response\"><p role=\"status\" aria-live=\"polite\" aria-atomic=\"true\"><\/p> <ul><\/ul><\/div>\n<form action=\"\/en\/wp-json\/wp\/v2\/pages\/455#wpcf7-f136-o1\" method=\"post\" class=\"wpcf7-form init\" aria-label=\"Formulaire de contact\" novalidate=\"novalidate\" data-status=\"init\">\n<fieldset class=\"hidden-fields-container\"><input type=\"hidden\" name=\"_wpcf7\" value=\"136\" \/><input type=\"hidden\" name=\"_wpcf7_version\" value=\"6.1.5\" \/><input type=\"hidden\" name=\"_wpcf7_locale\" value=\"fr_FR\" \/><input type=\"hidden\" name=\"_wpcf7_unit_tag\" value=\"wpcf7-f136-o1\" \/><input type=\"hidden\" name=\"_wpcf7_container_post\" value=\"0\" \/><input type=\"hidden\" name=\"_wpcf7_posted_data_hash\" value=\"\" \/><input type=\"hidden\" name=\"showtime\" value=\"1776596414\" \/><input type=\"hidden\" name=\"myhash\" value=\"$2y$10$4\/WVk3qVumYgmsglpPbyke0MRCh0x1ImldO5TDIU4hijLDnuzGXx2\" \/>\n<\/fieldset>\n<p><label> Votre nom (obligatoire)<br \/>\n<span class=\"wpcf7-form-control-wrap\" data-name=\"your-name\"><input size=\"40\" maxlength=\"400\" class=\"wpcf7-form-control wpcf7-text wpcf7-validates-as-required\" autocomplete=\"name\" aria-required=\"true\" aria-invalid=\"false\" value=\"\" type=\"text\" name=\"your-name\" \/><\/span> <\/label>\n<\/p>\n<p><label> Votre e-mail (obligatoire)<br \/>\n<span class=\"wpcf7-form-control-wrap\" data-name=\"your-email\"><input size=\"40\" maxlength=\"400\" class=\"wpcf7-form-control wpcf7-email wpcf7-validates-as-required wpcf7-text wpcf7-validates-as-email\" autocomplete=\"email\" aria-required=\"true\" aria-invalid=\"false\" value=\"\" type=\"email\" name=\"your-email\" \/><\/span> <\/label>\n<\/p>\n<p><label> Objet<br \/>\n<span class=\"wpcf7-form-control-wrap\" data-name=\"your-subject\"><input size=\"40\" maxlength=\"400\" class=\"wpcf7-form-control wpcf7-text\" aria-invalid=\"false\" value=\"\" type=\"text\" name=\"your-subject\" \/><\/span> <\/label>\n<\/p>\n<p><label> Votre message<br \/>\n<span class=\"wpcf7-form-control-wrap\" data-name=\"your-message\"><textarea cols=\"40\" rows=\"10\" maxlength=\"2000\" class=\"wpcf7-form-control wpcf7-textarea\" aria-invalid=\"false\" name=\"your-message\"><\/textarea><\/span> <\/label>\n<\/p>\n<p><span class=\"wpcf7-form-control-wrap\" data-name=\"acceptance-493\"><span class=\"wpcf7-form-control wpcf7-acceptance\"><span class=\"wpcf7-list-item\"><input type=\"checkbox\" name=\"acceptance-493\" value=\"1\" aria-invalid=\"false\" \/><\/span><\/span><\/span> J'accepte la politique des donn\u00e9es de la FHU MAMUTH et je comprends que mes donn\u00e9es personnelles sont envoy\u00e9es par email \u00e0 la personne d\u00e9di\u00e9e afin qu'elle puisse continuer la relation que j'ai initi\u00e9e \u00e0 l'aide de ce formulaire. Je comprends \u00e9galement que mes donn\u00e9es personnelles ne seront pas transmises ni revendus \u00e0 des tiers.\n<\/p>\n<p><input class=\"wpcf7-form-control wpcf7-submit has-spinner\" type=\"submit\" value=\"Envoyer\" \/>\n<\/p><div class=\"wpcf7-response-output\" aria-hidden=\"true\"><\/div>\n<\/form>\n<\/div>\n<\/div>\n","protected":false},"excerpt":{"rendered":"","protected":false},"author":2,"featured_media":0,"parent":0,"menu_order":100,"comment_status":"closed","ping_status":"closed","template":"","meta":{"_editorskit_title_hidden":false,"_editorskit_reading_time":1,"_editorskit_is_block_options_detached":false,"_editorskit_block_options_position":"{}","_uag_custom_page_level_css":"","footnotes":""},"class_list":["post-455","page","type-page","status-publish","hentry"],"yoast_head":"<!-- This site is optimized with the Yoast SEO plugin v27.2 - https:\/\/yoast.com\/product\/yoast-seo-wordpress\/ -->\n<title>Nous contacter - FHU MAMUTH<\/title>\n<meta name=\"robots\" content=\"index, follow, max-snippet:-1, max-image-preview:large, max-video-preview:-1\" \/>\n<link rel=\"canonical\" href=\"https:\/\/fhu-mamuth.org\/en\/nous-contacter\/\" \/>\n<meta property=\"og:locale\" content=\"en_US\" \/>\n<meta property=\"og:type\" content=\"article\" \/>\n<meta property=\"og:title\" content=\"Nous contacter - FHU MAMUTH\" \/>\n<meta property=\"og:url\" content=\"https:\/\/fhu-mamuth.org\/en\/nous-contacter\/\" \/>\n<meta property=\"og:site_name\" content=\"FHU MAMUTH\" \/>\n<meta property=\"og:image\" content=\"https:\/\/fhu-mamuth.org\/wp-content\/uploads\/2023\/02\/Logo_Mamuth.png\" \/>\n\t<meta property=\"og:image:width\" content=\"400\" \/>\n\t<meta property=\"og:image:height\" content=\"273\" \/>\n\t<meta property=\"og:image:type\" content=\"image\/png\" \/>\n<meta name=\"twitter:card\" content=\"summary_large_image\" \/>\n<script type=\"application\/ld+json\" class=\"yoast-schema-graph\">{\"@context\":\"https:\/\/schema.org\",\"@graph\":[{\"@type\":\"WebPage\",\"@id\":\"https:\/\/fhu-mamuth.org\/en\/nous-contacter\/\",\"url\":\"https:\/\/fhu-mamuth.org\/en\/nous-contacter\/\",\"name\":\"Nous contacter - FHU MAMUTH\",\"isPartOf\":{\"@id\":\"https:\/\/fhu-mamuth.org\/en\/#website\"},\"datePublished\":\"2023-02-14T14:18:41+00:00\",\"breadcrumb\":{\"@id\":\"https:\/\/fhu-mamuth.org\/en\/nous-contacter\/#breadcrumb\"},\"inLanguage\":\"en-US\",\"potentialAction\":[{\"@type\":\"ReadAction\",\"target\":[\"https:\/\/fhu-mamuth.org\/en\/nous-contacter\/\"]}]},{\"@type\":\"BreadcrumbList\",\"@id\":\"https:\/\/fhu-mamuth.org\/en\/nous-contacter\/#breadcrumb\",\"itemListElement\":[{\"@type\":\"ListItem\",\"position\":1,\"name\":\"Home\",\"item\":\"https:\/\/fhu-mamuth.org\/en\/home\/\"},{\"@type\":\"ListItem\",\"position\":2,\"name\":\"Nous contacter\"}]},{\"@type\":\"WebSite\",\"@id\":\"https:\/\/fhu-mamuth.org\/en\/#website\",\"url\":\"https:\/\/fhu-mamuth.org\/en\/\",\"name\":\"FHU MAMUTH\",\"description\":\"FHU MAladies MUsculo-squelettiques et innovations TH\u00e9rapeutiques\",\"publisher\":{\"@id\":\"https:\/\/fhu-mamuth.org\/en\/#organization\"},\"potentialAction\":[{\"@type\":\"SearchAction\",\"target\":{\"@type\":\"EntryPoint\",\"urlTemplate\":\"https:\/\/fhu-mamuth.org\/en\/?s={search_term_string}\"},\"query-input\":{\"@type\":\"PropertyValueSpecification\",\"valueRequired\":true,\"valueName\":\"search_term_string\"}}],\"inLanguage\":\"en-US\"},{\"@type\":\"Organization\",\"@id\":\"https:\/\/fhu-mamuth.org\/en\/#organization\",\"name\":\"FHU MAMUTH\",\"alternateName\":\"FHU MAladies MUsculo-squelettiques et innovations TH\u00e9rapeutiques\",\"url\":\"https:\/\/fhu-mamuth.org\/en\/\",\"logo\":{\"@type\":\"ImageObject\",\"inLanguage\":\"en-US\",\"@id\":\"https:\/\/fhu-mamuth.org\/en\/#\/schema\/logo\/image\/\",\"url\":\"https:\/\/fhu-mamuth.org\/wp-content\/uploads\/2025\/05\/Logo_FHU_MAMUTH_H_C.svg\",\"contentUrl\":\"https:\/\/fhu-mamuth.org\/wp-content\/uploads\/2025\/05\/Logo_FHU_MAMUTH_H_C.svg\",\"caption\":\"FHU MAMUTH\"},\"image\":{\"@id\":\"https:\/\/fhu-mamuth.org\/en\/#\/schema\/logo\/image\/\"}}]}<\/script>\n<!-- \/ Yoast SEO plugin. -->","yoast_head_json":{"title":"Nous contacter - FHU MAMUTH","robots":{"index":"index","follow":"follow","max-snippet":"max-snippet:-1","max-image-preview":"max-image-preview:large","max-video-preview":"max-video-preview:-1"},"canonical":"https:\/\/fhu-mamuth.org\/en\/nous-contacter\/","og_locale":"en_US","og_type":"article","og_title":"Nous contacter - FHU MAMUTH","og_url":"https:\/\/fhu-mamuth.org\/en\/nous-contacter\/","og_site_name":"FHU MAMUTH","og_image":[{"width":400,"height":273,"url":"https:\/\/fhu-mamuth.org\/wp-content\/uploads\/2023\/02\/Logo_Mamuth.png","type":"image\/png"}],"twitter_card":"summary_large_image","schema":{"@context":"https:\/\/schema.org","@graph":[{"@type":"WebPage","@id":"https:\/\/fhu-mamuth.org\/en\/nous-contacter\/","url":"https:\/\/fhu-mamuth.org\/en\/nous-contacter\/","name":"Nous contacter - FHU MAMUTH","isPartOf":{"@id":"https:\/\/fhu-mamuth.org\/en\/#website"},"datePublished":"2023-02-14T14:18:41+00:00","breadcrumb":{"@id":"https:\/\/fhu-mamuth.org\/en\/nous-contacter\/#breadcrumb"},"inLanguage":"en-US","potentialAction":[{"@type":"ReadAction","target":["https:\/\/fhu-mamuth.org\/en\/nous-contacter\/"]}]},{"@type":"BreadcrumbList","@id":"https:\/\/fhu-mamuth.org\/en\/nous-contacter\/#breadcrumb","itemListElement":[{"@type":"ListItem","position":1,"name":"Home","item":"https:\/\/fhu-mamuth.org\/en\/home\/"},{"@type":"ListItem","position":2,"name":"Nous contacter"}]},{"@type":"WebSite","@id":"https:\/\/fhu-mamuth.org\/en\/#website","url":"https:\/\/fhu-mamuth.org\/en\/","name":"FHU MAMUTH","description":"FHU MAladies MUsculo-squelettiques et innovations TH\u00e9rapeutiques","publisher":{"@id":"https:\/\/fhu-mamuth.org\/en\/#organization"},"potentialAction":[{"@type":"SearchAction","target":{"@type":"EntryPoint","urlTemplate":"https:\/\/fhu-mamuth.org\/en\/?s={search_term_string}"},"query-input":{"@type":"PropertyValueSpecification","valueRequired":true,"valueName":"search_term_string"}}],"inLanguage":"en-US"},{"@type":"Organization","@id":"https:\/\/fhu-mamuth.org\/en\/#organization","name":"FHU MAMUTH","alternateName":"FHU MAladies MUsculo-squelettiques et innovations TH\u00e9rapeutiques","url":"https:\/\/fhu-mamuth.org\/en\/","logo":{"@type":"ImageObject","inLanguage":"en-US","@id":"https:\/\/fhu-mamuth.org\/en\/#\/schema\/logo\/image\/","url":"https:\/\/fhu-mamuth.org\/wp-content\/uploads\/2025\/05\/Logo_FHU_MAMUTH_H_C.svg","contentUrl":"https:\/\/fhu-mamuth.org\/wp-content\/uploads\/2025\/05\/Logo_FHU_MAMUTH_H_C.svg","caption":"FHU MAMUTH"},"image":{"@id":"https:\/\/fhu-mamuth.org\/en\/#\/schema\/logo\/image\/"}}]}},"uagb_featured_image_src":{"full":false,"thumbnail":false,"medium":false,"medium_large":false,"large":false,"1536x1536":false,"2048x2048":false,"post-thumbnail":false,"twentytwenty-fullscreen":false},"uagb_author_info":{"display_name":"Laurent ANGELI","author_link":"https:\/\/fhu-mamuth.org\/en\/author\/adm_fhum_la\/"},"uagb_comment_info":0,"uagb_excerpt":null,"_links":{"self":[{"href":"https:\/\/fhu-mamuth.org\/en\/wp-json\/wp\/v2\/pages\/455","targetHints":{"allow":["GET"]}}],"collection":[{"href":"https:\/\/fhu-mamuth.org\/en\/wp-json\/wp\/v2\/pages"}],"about":[{"href":"https:\/\/fhu-mamuth.org\/en\/wp-json\/wp\/v2\/types\/page"}],"author":[{"embeddable":true,"href":"https:\/\/fhu-mamuth.org\/en\/wp-json\/wp\/v2\/users\/2"}],"replies":[{"embeddable":true,"href":"https:\/\/fhu-mamuth.org\/en\/wp-json\/wp\/v2\/comments?post=455"}],"version-history":[{"count":0,"href":"https:\/\/fhu-mamuth.org\/en\/wp-json\/wp\/v2\/pages\/455\/revisions"}],"wp:attachment":[{"href":"https:\/\/fhu-mamuth.org\/en\/wp-json\/wp\/v2\/media?parent=455"}],"curies":[{"name":"wp","href":"https:\/\/api.w.org\/{rel}","templated":true}]}}