{"id":456,"date":"2023-02-14T14:16:40","date_gmt":"2023-02-14T14:16:40","guid":{"rendered":"https:\/\/fhu-mamuth.org\/du-et-diu\/"},"modified":"2023-10-11T16:48:57","modified_gmt":"2023-10-11T16:48:57","slug":"ud-and-iud","status":"publish","type":"page","link":"https:\/\/fhu-mamuth.org\/en\/learning\/ud-and-iud\/","title":{"rendered":"UD and IUD"},"content":{"rendered":"\n<h2 class=\"wp-block-heading\"><strong>Foetal surgery<\/strong><\/h2>\n\n\n\n<ul class=\"wp-block-list\">\n<li><strong><a aria-label=\"DIU \u2013 M\u00e9decine f\u0153tale&nbsp; (opens in a new tab)\" href=\"https:\/\/fc.sorbonne-universite.fr\/nos-offres\/diu-medecine-foetale\/\" target=\"_blank\" rel=\"noreferrer noopener\" class=\"ek-link\">DIU \u2013 M\u00e9decine f\u0153tale<\/a><\/strong><\/li>\n\n\n\n<li><strong><a href=\"https:\/\/fc.sorbonne-universite.fr\/nos-offres\/diu-pathologies-et-urgences-perinatales\/\" target=\"_blank\" aria-label=\"DIU Pathologies et urgences p\u00e9rinatale (opens in a new tab)\" rel=\"noreferrer noopener\" class=\"ek-link\">DIU Pathologies et urgences p\u00e9rinatale<\/a><\/strong><\/li>\n\n\n\n<li><strong><a aria-label=\"DIU Chirurgie n\u00e9onatale&nbsp; (opens in a new tab)\" href=\"https:\/\/odf.u-paris.fr\/fr\/offre-de-formation\/diplome-d-universite-1\/sciences-technologies-sante-STS\/diu-chirurgie-neonatale-DIMNEON_112.html\" target=\"_blank\" rel=\"noreferrer noopener\" class=\"ek-link\">DIU Chirurgie n\u00e9onatale<\/a><\/strong><\/li>\n\n\n\n<li><strong><a aria-label=\"DIU \u00c9chographie gyn\u00e9cologique et obst\u00e9tricale (opens in a new tab)\" href=\"http:\/\/pgp.dsi.upmc.fr\/fr\/formations\/diplome-interuniversitaire-FC2\/sciences-technologies-sante-STS\/echographie-gynecologique-et-obstetricale-program-echographie-gynecologique-et-obstetricale-2-2.html\" target=\"_blank\" rel=\"noreferrer noopener\" class=\"ek-link\">DIU \u00c9chographie gyn\u00e9cologique et obst\u00e9tricale<\/a><\/strong><\/li>\n<\/ul>\n\n\n\n<h2 class=\"wp-block-heading\"><strong>Spine Surgery<\/strong><\/h2>\n\n\n\n<ul class=\"wp-block-list\">\n<li><strong><a aria-label=\"DIU Chirurgie du rachis (opens in a new tab)\" href=\"https:\/\/fc.sorbonne-universite.fr\/nos-offres\/diu-de-chirurgie-du-rachis\/\" target=\"_blank\" rel=\"noreferrer noopener\" class=\"ek-link\">DIU Chirurgie du rachis<\/a><\/strong><\/li>\n\n\n\n<li><strong><a aria-label=\"DU \u2013 rachis : pathologie rachidienne pratique (opens in a new tab)\" href=\"https:\/\/fc.sorbonne-universite.fr\/nos-offres\/rachis-pathologie-rachidienne-pratique\/\" target=\"_blank\" rel=\"noreferrer noopener\" class=\"ek-link\">DU \u2013 Rachis : pathologie rachidienne pratique<\/a><\/strong><\/li>\n\n\n\n<li><strong><a aria-label=\"DU \u2013 appareillage (opens in a new tab)\" href=\"https:\/\/fc.sorbonne-universite.fr\/nos-offres\/du-appareillage\/\" target=\"_blank\" rel=\"noreferrer noopener\" class=\"ek-link\">DU \u2013 Appareillage<\/a><\/strong><\/li>\n<\/ul>\n\n\n\n<h2 class=\"wp-block-heading\"><strong>Neuro-Myology<\/strong><\/h2>\n\n\n\n<ul class=\"wp-block-list\">\n<li><strong><a aria-label=\"DIU \u2013 Myologie (opens in a new tab)\" href=\"https:\/\/fc.sorbonne-universite.fr\/nos-offres\/myologie\/\" target=\"_blank\" rel=\"noreferrer noopener\" class=\"ek-link\">DIU \u2013 Myologie<\/a><\/strong><\/li>\n<\/ul>\n","protected":false},"excerpt":{"rendered":"<p>Foetal surgery Spine Surgery Neuro-Myology<\/p>\n","protected":false},"author":2,"featured_media":0,"parent":459,"menu_order":3,"comment_status":"closed","ping_status":"closed","template":"","meta":{"_editorskit_title_hidden":false,"_editorskit_reading_time":0,"_editorskit_is_block_options_detached":false,"_editorskit_block_options_position":"{}","_uag_custom_page_level_css":"","footnotes":""},"class_list":["post-456","page","type-page","status-publish","hentry"],"yoast_head":"<!-- This site is optimized with the Yoast SEO plugin v27.2 - https:\/\/yoast.com\/product\/yoast-seo-wordpress\/ -->\n<title>UD and IUD - FHU MAMUTH<\/title>\n<meta name=\"robots\" content=\"index, follow, max-snippet:-1, max-image-preview:large, max-video-preview:-1\" \/>\n<link rel=\"canonical\" href=\"https:\/\/fhu-mamuth.org\/en\/learning\/ud-and-iud\/\" \/>\n<meta property=\"og:locale\" content=\"en_US\" \/>\n<meta property=\"og:type\" content=\"article\" \/>\n<meta property=\"og:title\" content=\"UD and IUD - FHU MAMUTH\" \/>\n<meta property=\"og:description\" content=\"Foetal surgery Spine Surgery Neuro-Myology\" \/>\n<meta property=\"og:url\" content=\"https:\/\/fhu-mamuth.org\/en\/learning\/ud-and-iud\/\" \/>\n<meta property=\"og:site_name\" content=\"FHU MAMUTH\" \/>\n<meta property=\"article:modified_time\" content=\"2023-10-11T16:48:57+00:00\" \/>\n<meta property=\"og:image\" content=\"https:\/\/fhu-mamuth.org\/wp-content\/uploads\/2023\/02\/Logo_Mamuth.png\" \/>\n\t<meta property=\"og:image:width\" content=\"400\" \/>\n\t<meta property=\"og:image:height\" content=\"273\" \/>\n\t<meta property=\"og:image:type\" content=\"image\/png\" \/>\n<meta name=\"twitter:card\" content=\"summary_large_image\" \/>\n<script type=\"application\/ld+json\" class=\"yoast-schema-graph\">{\"@context\":\"https:\/\/schema.org\",\"@graph\":[{\"@type\":\"WebPage\",\"@id\":\"https:\/\/fhu-mamuth.org\/en\/learning\/ud-and-iud\/\",\"url\":\"https:\/\/fhu-mamuth.org\/en\/learning\/ud-and-iud\/\",\"name\":\"UD and IUD - FHU MAMUTH\",\"isPartOf\":{\"@id\":\"https:\/\/fhu-mamuth.org\/en\/#website\"},\"datePublished\":\"2023-02-14T14:16:40+00:00\",\"dateModified\":\"2023-10-11T16:48:57+00:00\",\"breadcrumb\":{\"@id\":\"https:\/\/fhu-mamuth.org\/en\/learning\/ud-and-iud\/#breadcrumb\"},\"inLanguage\":\"en-US\",\"potentialAction\":[{\"@type\":\"ReadAction\",\"target\":[\"https:\/\/fhu-mamuth.org\/en\/learning\/ud-and-iud\/\"]}]},{\"@type\":\"BreadcrumbList\",\"@id\":\"https:\/\/fhu-mamuth.org\/en\/learning\/ud-and-iud\/#breadcrumb\",\"itemListElement\":[{\"@type\":\"ListItem\",\"position\":1,\"name\":\"Home\",\"item\":\"https:\/\/fhu-mamuth.org\/en\/home\/\"},{\"@type\":\"ListItem\",\"position\":2,\"name\":\"Learning\",\"item\":\"https:\/\/fhu-mamuth.org\/en\/learning\/\"},{\"@type\":\"ListItem\",\"position\":3,\"name\":\"UD and IUD\"}]},{\"@type\":\"WebSite\",\"@id\":\"https:\/\/fhu-mamuth.org\/en\/#website\",\"url\":\"https:\/\/fhu-mamuth.org\/en\/\",\"name\":\"FHU MAMUTH\",\"description\":\"FHU MAladies MUsculo-squelettiques et innovations TH\u00e9rapeutiques\",\"publisher\":{\"@id\":\"https:\/\/fhu-mamuth.org\/en\/#organization\"},\"potentialAction\":[{\"@type\":\"SearchAction\",\"target\":{\"@type\":\"EntryPoint\",\"urlTemplate\":\"https:\/\/fhu-mamuth.org\/en\/?s={search_term_string}\"},\"query-input\":{\"@type\":\"PropertyValueSpecification\",\"valueRequired\":true,\"valueName\":\"search_term_string\"}}],\"inLanguage\":\"en-US\"},{\"@type\":\"Organization\",\"@id\":\"https:\/\/fhu-mamuth.org\/en\/#organization\",\"name\":\"FHU MAMUTH\",\"alternateName\":\"FHU MAladies MUsculo-squelettiques et innovations TH\u00e9rapeutiques\",\"url\":\"https:\/\/fhu-mamuth.org\/en\/\",\"logo\":{\"@type\":\"ImageObject\",\"inLanguage\":\"en-US\",\"@id\":\"https:\/\/fhu-mamuth.org\/en\/#\/schema\/logo\/image\/\",\"url\":\"https:\/\/fhu-mamuth.org\/wp-content\/uploads\/2025\/05\/Logo_FHU_MAMUTH_H_C.svg\",\"contentUrl\":\"https:\/\/fhu-mamuth.org\/wp-content\/uploads\/2025\/05\/Logo_FHU_MAMUTH_H_C.svg\",\"caption\":\"FHU MAMUTH\"},\"image\":{\"@id\":\"https:\/\/fhu-mamuth.org\/en\/#\/schema\/logo\/image\/\"}}]}<\/script>\n<!-- \/ Yoast SEO plugin. -->","yoast_head_json":{"title":"UD and IUD - FHU MAMUTH","robots":{"index":"index","follow":"follow","max-snippet":"max-snippet:-1","max-image-preview":"max-image-preview:large","max-video-preview":"max-video-preview:-1"},"canonical":"https:\/\/fhu-mamuth.org\/en\/learning\/ud-and-iud\/","og_locale":"en_US","og_type":"article","og_title":"UD and IUD - FHU MAMUTH","og_description":"Foetal surgery Spine Surgery Neuro-Myology","og_url":"https:\/\/fhu-mamuth.org\/en\/learning\/ud-and-iud\/","og_site_name":"FHU MAMUTH","article_modified_time":"2023-10-11T16:48:57+00:00","og_image":[{"width":400,"height":273,"url":"https:\/\/fhu-mamuth.org\/wp-content\/uploads\/2023\/02\/Logo_Mamuth.png","type":"image\/png"}],"twitter_card":"summary_large_image","schema":{"@context":"https:\/\/schema.org","@graph":[{"@type":"WebPage","@id":"https:\/\/fhu-mamuth.org\/en\/learning\/ud-and-iud\/","url":"https:\/\/fhu-mamuth.org\/en\/learning\/ud-and-iud\/","name":"UD and IUD - FHU MAMUTH","isPartOf":{"@id":"https:\/\/fhu-mamuth.org\/en\/#website"},"datePublished":"2023-02-14T14:16:40+00:00","dateModified":"2023-10-11T16:48:57+00:00","breadcrumb":{"@id":"https:\/\/fhu-mamuth.org\/en\/learning\/ud-and-iud\/#breadcrumb"},"inLanguage":"en-US","potentialAction":[{"@type":"ReadAction","target":["https:\/\/fhu-mamuth.org\/en\/learning\/ud-and-iud\/"]}]},{"@type":"BreadcrumbList","@id":"https:\/\/fhu-mamuth.org\/en\/learning\/ud-and-iud\/#breadcrumb","itemListElement":[{"@type":"ListItem","position":1,"name":"Home","item":"https:\/\/fhu-mamuth.org\/en\/home\/"},{"@type":"ListItem","position":2,"name":"Learning","item":"https:\/\/fhu-mamuth.org\/en\/learning\/"},{"@type":"ListItem","position":3,"name":"UD and IUD"}]},{"@type":"WebSite","@id":"https:\/\/fhu-mamuth.org\/en\/#website","url":"https:\/\/fhu-mamuth.org\/en\/","name":"FHU MAMUTH","description":"FHU MAladies MUsculo-squelettiques et innovations TH\u00e9rapeutiques","publisher":{"@id":"https:\/\/fhu-mamuth.org\/en\/#organization"},"potentialAction":[{"@type":"SearchAction","target":{"@type":"EntryPoint","urlTemplate":"https:\/\/fhu-mamuth.org\/en\/?s={search_term_string}"},"query-input":{"@type":"PropertyValueSpecification","valueRequired":true,"valueName":"search_term_string"}}],"inLanguage":"en-US"},{"@type":"Organization","@id":"https:\/\/fhu-mamuth.org\/en\/#organization","name":"FHU MAMUTH","alternateName":"FHU MAladies MUsculo-squelettiques et innovations TH\u00e9rapeutiques","url":"https:\/\/fhu-mamuth.org\/en\/","logo":{"@type":"ImageObject","inLanguage":"en-US","@id":"https:\/\/fhu-mamuth.org\/en\/#\/schema\/logo\/image\/","url":"https:\/\/fhu-mamuth.org\/wp-content\/uploads\/2025\/05\/Logo_FHU_MAMUTH_H_C.svg","contentUrl":"https:\/\/fhu-mamuth.org\/wp-content\/uploads\/2025\/05\/Logo_FHU_MAMUTH_H_C.svg","caption":"FHU MAMUTH"},"image":{"@id":"https:\/\/fhu-mamuth.org\/en\/#\/schema\/logo\/image\/"}}]}},"uagb_featured_image_src":{"full":false,"thumbnail":false,"medium":false,"medium_large":false,"large":false,"1536x1536":false,"2048x2048":false,"post-thumbnail":false,"twentytwenty-fullscreen":false},"uagb_author_info":{"display_name":"Laurent ANGELI","author_link":"https:\/\/fhu-mamuth.org\/en\/author\/adm_fhum_la\/"},"uagb_comment_info":0,"uagb_excerpt":"Foetal surgery Spine Surgery Neuro-Myology","_links":{"self":[{"href":"https:\/\/fhu-mamuth.org\/en\/wp-json\/wp\/v2\/pages\/456","targetHints":{"allow":["GET"]}}],"collection":[{"href":"https:\/\/fhu-mamuth.org\/en\/wp-json\/wp\/v2\/pages"}],"about":[{"href":"https:\/\/fhu-mamuth.org\/en\/wp-json\/wp\/v2\/types\/page"}],"author":[{"embeddable":true,"href":"https:\/\/fhu-mamuth.org\/en\/wp-json\/wp\/v2\/users\/2"}],"replies":[{"embeddable":true,"href":"https:\/\/fhu-mamuth.org\/en\/wp-json\/wp\/v2\/comments?post=456"}],"version-history":[{"count":2,"href":"https:\/\/fhu-mamuth.org\/en\/wp-json\/wp\/v2\/pages\/456\/revisions"}],"predecessor-version":[{"id":510,"href":"https:\/\/fhu-mamuth.org\/en\/wp-json\/wp\/v2\/pages\/456\/revisions\/510"}],"up":[{"embeddable":true,"href":"https:\/\/fhu-mamuth.org\/en\/wp-json\/wp\/v2\/pages\/459"}],"wp:attachment":[{"href":"https:\/\/fhu-mamuth.org\/en\/wp-json\/wp\/v2\/media?parent=456"}],"curies":[{"name":"wp","href":"https:\/\/api.w.org\/{rel}","templated":true}]}}