{"id":461,"date":"2023-02-14T14:08:07","date_gmt":"2023-02-14T14:08:07","guid":{"rendered":"https:\/\/fhu-mamuth.org\/services-de-soins\/"},"modified":"2025-07-08T10:14:59","modified_gmt":"2025-07-08T10:14:59","slug":"care-services","status":"publish","type":"page","link":"https:\/\/fhu-mamuth.org\/en\/care-services\/","title":{"rendered":"Care services"},"content":{"rendered":"\n<p>In order to improve patient care from prenatal to adult, the MAMUTH FHU relies on teams with complementary expertise who share a common interest in neuromuscular and skeletal diseases<\/p>\n\n\n\n<div class=\"wp-block-getwid-toggle toggle-no-border has-icon-left\">\n<div class=\"wp-block-getwid-toggle__row\"><div class=\"wp-block-getwid-toggle__header-wrapper\"><span class=\"wp-block-getwid-toggle__header\"><a href=\"#\"><span class=\"wp-block-getwid-toggle__header-title\"><strong>The Foetal Medicine Department<\/strong><\/span><span class=\"wp-block-getwid-toggle__icon is-active\"><i class=\"fas fa-arrow-alt-circle-right\"><\/i><\/span><span class=\"wp-block-getwid-toggle__icon is-passive\"><i class=\"fas fa-arrow-alt-circle-down\"><\/i><\/span><\/a><\/span><\/div><div class=\"wp-block-getwid-toggle__content-wrapper\"><div class=\"wp-block-getwid-toggle__content\">\n<p>Professor Jean-Marie Jouannic is head of the foetal medicine department at Trousseau Hospital. <\/p>\n\n\n\n<p>A pioneer in France in the technique of in utero repair of myelomeningocele (PRIUM programme) with the neurosurgery team at Necker Hospital, he and his team are responsible for the ante-natal management of vertebral and spinal cord malformations. <\/p>\n\n\n\n<p>He initiated a research programme on a myelomeningocele model, with the aim of miniaturising techniques for repairing this malformation in utero. He is also involved in training students and healthcare professionals. He is also a regular speaker at national and international gynaecology-obstetrics conferences and seminars.<\/p>\n<\/div><\/div><\/div>\n\n\n\n<div class=\"wp-block-getwid-toggle__row\"><div class=\"wp-block-getwid-toggle__header-wrapper\"><span class=\"wp-block-getwid-toggle__header\"><a href=\"#\"><span class=\"wp-block-getwid-toggle__header-title\"><strong>Spin@ CRMR coordinating centre for the management of vertebral and spinal cord malformations<\/strong><\/span><span class=\"wp-block-getwid-toggle__icon is-active\"><i class=\"fas fa-arrow-alt-circle-right\"><\/i><\/span><span class=\"wp-block-getwid-toggle__icon is-passive\"><i class=\"fas fa-arrow-alt-circle-down\"><\/i><\/span><\/a><\/span><\/div><div class=\"wp-block-getwid-toggle__content-wrapper\"><div class=\"wp-block-getwid-toggle__content\">\n<p><strong>The CRMRC-Spin@ coordinating centre is located at the H\u00f4pital Trousseau in Paris (APHP, Sorbonne University). <\/strong>It provides care for prenatal, childhood and adolescent patients suffering from rare spinal column pathologies.<\/p>\n\n\n\n<p><strong>It is a member of the Centres of Reference for Rare Diseases (CRMR)<\/strong>, which are referral centres recognised for their expertise in the care of patients and their commitment to research and training. These centres have a regional, inter-regional, national or even international attraction, depending on the rarity of the disease, with the aim of ensuring equity in terms of access to diagnosis, treatment and overall patient care.<\/p>\n\n\n\n<p>CRMRs may be single-site (with a single site known as the &#8220;coordinating site&#8221;) or multi-site (comprising a &#8220;coordinating site&#8221; and one or more &#8220;constituent sites&#8221;).<\/p>\n<\/div><\/div><\/div>\n\n\n\n<div class=\"wp-block-getwid-toggle__row\"><div class=\"wp-block-getwid-toggle__header-wrapper\"><span class=\"wp-block-getwid-toggle__header\"><a href=\"#\"><span class=\"wp-block-getwid-toggle__header-title\"><strong>The Children&#8217;s Orthopaedic and Reconstructive Surgery Department (CORE)<\/strong><\/span><span class=\"wp-block-getwid-toggle__icon is-active\"><i class=\"fas fa-arrow-alt-circle-right\"><\/i><\/span><span class=\"wp-block-getwid-toggle__icon is-passive\"><i class=\"fas fa-arrow-alt-circle-down\"><\/i><\/span><\/a><\/span><\/div><div class=\"wp-block-getwid-toggle__content-wrapper\"><div class=\"wp-block-getwid-toggle__content\">\n<p><strong><a href=\"https:\/\/www.aphp.fr\/service\/service-32-066\">The adult orthopaedic and trauma surgery department<\/a> is organised around 2 main areas:<\/strong><\/p>\n\n\n\n<p>1 &#8211; <strong>Spinal pathology<\/strong>: spondylolisthesis, cervicarthrosic myelopathy, discopathy, herniated cervical and lumbar discs &#8211; Deformity: scoliosis and kyphosis &#8211; Primary vertebral tumours and bone metastases &#8211; Traumatology of the spine, pelvis and lower limbs.<\/p>\n\n\n\n<p>2 &#8211;<strong> Sports and lower limb surgery<\/strong>: Hip and knee osteoarthritis &#8211; Meniscus pathology &#8211; Cruciate ligament injury &#8211; Rotator cuff surgery and shoulder instability.<\/p>\n<\/div><\/div><\/div>\n\n\n\n<div class=\"wp-block-getwid-toggle__row\"><div class=\"wp-block-getwid-toggle__header-wrapper\"><span class=\"wp-block-getwid-toggle__header\"><a href=\"#\"><span class=\"wp-block-getwid-toggle__header-title\"><strong>The Adult Orthopaedic and Traumatological Surgery Department<\/strong><\/span><span class=\"wp-block-getwid-toggle__icon is-active\"><i class=\"fas fa-arrow-alt-circle-right\"><\/i><\/span><span class=\"wp-block-getwid-toggle__icon is-passive\"><i class=\"fas fa-arrow-alt-circle-down\"><\/i><\/span><\/a><\/span><\/div><div class=\"wp-block-getwid-toggle__content-wrapper\"><div class=\"wp-block-getwid-toggle__content\">\n<p><strong><a href=\"https:\/\/www.aphp.fr\/service\/service-32-066\">The adult orthopaedic and trauma surgery department<\/a> is organised around 2 main areas:<\/strong><\/p>\n\n\n\n<p>1 &#8211; <strong>Spinal pathology<\/strong>: spondylolisthesis, cervicarthrosic myelopathy, discopathy, herniated cervical and lumbar discs &#8211; Deformity: scoliosis and kyphosis &#8211; Primary vertebral tumours and bone metastases &#8211; Traumatology of the spine, pelvis and lower limbs.<\/p>\n\n\n\n<p>2 &#8211;<strong> Sports and lower limb surgery<\/strong>: Hip and knee osteoarthritis &#8211; Meniscus pathology &#8211; Cruciate ligament injury &#8211; Rotator cuff surgery and shoulder instability.<\/p>\n<\/div><\/div><\/div>\n\n\n\n<div class=\"wp-block-getwid-toggle__row\"><div class=\"wp-block-getwid-toggle__header-wrapper\"><span class=\"wp-block-getwid-toggle__header\"><a href=\"#\"><span class=\"wp-block-getwid-toggle__header-title\"><strong>Neuro-myology department<\/strong><\/span><span class=\"wp-block-getwid-toggle__icon is-active\"><i class=\"fas fa-arrow-alt-circle-right\"><\/i><\/span><span class=\"wp-block-getwid-toggle__icon is-passive\"><i class=\"fas fa-arrow-alt-circle-down\"><\/i><\/span><\/a><\/span><\/div><div class=\"wp-block-getwid-toggle__content-wrapper\"><div class=\"wp-block-getwid-toggle__content\">\n<p><strong>Professor Bertrand Fontaine <\/strong>is head of <a href=\"https:\/\/www.aphp.fr\/service\/service-83-066\" target=\"_blank\" aria-label=\"the Neuro-Myology Department  (opens in a new tab)\" rel=\"noreferrer noopener\" class=\"ek-link\">the Neuro-Myology Department <\/a>at the Piti\u00e9 Salp\u00eatri\u00e8re Hospital.<\/p>\n\n\n\n<p>The neuromuscular pathologies examined in his department may be genetic in origin (dystrophies, congenital myopathies, metabolic myopathies, congenital myasthenic syndromes, neuropathies) or acquired (myasthenia, inflammatory, endocrine, toxic or iatrogenic myopathies, psychogenic disorders).<\/p>\n\n\n\n<p>The department provides multidisciplinary consultations for adults, offering <strong>expert diagnosis <\/strong>of the disease and its complications, <strong>therapeutic management<\/strong>, <strong>genetic counselling <\/strong>and <strong>support <\/strong>for patients throughout the process.<br><strong>Professor FONTAINE&#8217;s Adult Neuro-myology Department also cares for children and adolescents treated at Trousseau for neuro-muscular diseases as they move into adulthood.<\/strong><\/p>\n<\/div><\/div><\/div>\n<\/div>\n","protected":false},"excerpt":{"rendered":"<p>In order to improve patient care from prenatal to adult, the MAMUTH FHU relies on teams with complementary expertise who share a common interest in neuromuscular and skeletal diseases<\/p>\n","protected":false},"author":2,"featured_media":434,"parent":0,"menu_order":2,"comment_status":"closed","ping_status":"closed","template":"","meta":{"_editorskit_title_hidden":false,"_editorskit_reading_time":1,"_editorskit_is_block_options_detached":false,"_editorskit_block_options_position":"{}","_uag_custom_page_level_css":"","footnotes":""},"class_list":["post-461","page","type-page","status-publish","has-post-thumbnail","hentry"],"yoast_head":"<!-- This site is optimized with the Yoast SEO plugin v27.2 - https:\/\/yoast.com\/product\/yoast-seo-wordpress\/ -->\n<title>Care services - FHU MAMUTH<\/title>\n<meta name=\"robots\" content=\"index, follow, max-snippet:-1, max-image-preview:large, max-video-preview:-1\" \/>\n<link rel=\"canonical\" href=\"https:\/\/fhu-mamuth.org\/en\/care-services\/\" \/>\n<meta property=\"og:locale\" content=\"en_US\" \/>\n<meta property=\"og:type\" content=\"article\" \/>\n<meta property=\"og:title\" content=\"Care services - FHU MAMUTH\" \/>\n<meta property=\"og:description\" content=\"In order to improve patient care from prenatal to adult, the MAMUTH FHU relies on teams with complementary expertise who share a common interest in neuromuscular and skeletal diseases\" \/>\n<meta property=\"og:url\" content=\"https:\/\/fhu-mamuth.org\/en\/care-services\/\" \/>\n<meta property=\"og:site_name\" content=\"FHU MAMUTH\" \/>\n<meta property=\"article:modified_time\" content=\"2025-07-08T10:14:59+00:00\" \/>\n<meta property=\"og:image\" content=\"https:\/\/fhu-mamuth.org\/wp-content\/uploads\/2023\/02\/blok-1943960102.jpg\" \/>\n\t<meta property=\"og:image:width\" content=\"1600\" \/>\n\t<meta property=\"og:image:height\" content=\"800\" \/>\n\t<meta property=\"og:image:type\" content=\"image\/jpeg\" \/>\n<meta name=\"twitter:card\" content=\"summary_large_image\" \/>\n<meta name=\"twitter:label1\" content=\"Est. reading time\" \/>\n\t<meta name=\"twitter:data1\" content=\"3 minutes\" \/>\n<script type=\"application\/ld+json\" class=\"yoast-schema-graph\">{\"@context\":\"https:\/\/schema.org\",\"@graph\":[{\"@type\":\"WebPage\",\"@id\":\"https:\/\/fhu-mamuth.org\/en\/care-services\/\",\"url\":\"https:\/\/fhu-mamuth.org\/en\/care-services\/\",\"name\":\"Care services - FHU MAMUTH\",\"isPartOf\":{\"@id\":\"https:\/\/fhu-mamuth.org\/en\/#website\"},\"primaryImageOfPage\":{\"@id\":\"https:\/\/fhu-mamuth.org\/en\/care-services\/#primaryimage\"},\"image\":{\"@id\":\"https:\/\/fhu-mamuth.org\/en\/care-services\/#primaryimage\"},\"thumbnailUrl\":\"https:\/\/fhu-mamuth.org\/wp-content\/uploads\/2023\/02\/blok-1943960102.jpg\",\"datePublished\":\"2023-02-14T14:08:07+00:00\",\"dateModified\":\"2025-07-08T10:14:59+00:00\",\"breadcrumb\":{\"@id\":\"https:\/\/fhu-mamuth.org\/en\/care-services\/#breadcrumb\"},\"inLanguage\":\"en-US\",\"potentialAction\":[{\"@type\":\"ReadAction\",\"target\":[\"https:\/\/fhu-mamuth.org\/en\/care-services\/\"]}]},{\"@type\":\"ImageObject\",\"inLanguage\":\"en-US\",\"@id\":\"https:\/\/fhu-mamuth.org\/en\/care-services\/#primaryimage\",\"url\":\"https:\/\/fhu-mamuth.org\/wp-content\/uploads\/2023\/02\/blok-1943960102.jpg\",\"contentUrl\":\"https:\/\/fhu-mamuth.org\/wp-content\/uploads\/2023\/02\/blok-1943960102.jpg\",\"width\":1600,\"height\":800},{\"@type\":\"BreadcrumbList\",\"@id\":\"https:\/\/fhu-mamuth.org\/en\/care-services\/#breadcrumb\",\"itemListElement\":[{\"@type\":\"ListItem\",\"position\":1,\"name\":\"Home\",\"item\":\"https:\/\/fhu-mamuth.org\/en\/home\/\"},{\"@type\":\"ListItem\",\"position\":2,\"name\":\"Care services\"}]},{\"@type\":\"WebSite\",\"@id\":\"https:\/\/fhu-mamuth.org\/en\/#website\",\"url\":\"https:\/\/fhu-mamuth.org\/en\/\",\"name\":\"FHU MAMUTH\",\"description\":\"FHU MAladies MUsculo-squelettiques et innovations TH\u00e9rapeutiques\",\"publisher\":{\"@id\":\"https:\/\/fhu-mamuth.org\/en\/#organization\"},\"potentialAction\":[{\"@type\":\"SearchAction\",\"target\":{\"@type\":\"EntryPoint\",\"urlTemplate\":\"https:\/\/fhu-mamuth.org\/en\/?s={search_term_string}\"},\"query-input\":{\"@type\":\"PropertyValueSpecification\",\"valueRequired\":true,\"valueName\":\"search_term_string\"}}],\"inLanguage\":\"en-US\"},{\"@type\":\"Organization\",\"@id\":\"https:\/\/fhu-mamuth.org\/en\/#organization\",\"name\":\"FHU MAMUTH\",\"alternateName\":\"FHU MAladies MUsculo-squelettiques et innovations TH\u00e9rapeutiques\",\"url\":\"https:\/\/fhu-mamuth.org\/en\/\",\"logo\":{\"@type\":\"ImageObject\",\"inLanguage\":\"en-US\",\"@id\":\"https:\/\/fhu-mamuth.org\/en\/#\/schema\/logo\/image\/\",\"url\":\"https:\/\/fhu-mamuth.org\/wp-content\/uploads\/2025\/05\/Logo_FHU_MAMUTH_H_C.svg\",\"contentUrl\":\"https:\/\/fhu-mamuth.org\/wp-content\/uploads\/2025\/05\/Logo_FHU_MAMUTH_H_C.svg\",\"caption\":\"FHU MAMUTH\"},\"image\":{\"@id\":\"https:\/\/fhu-mamuth.org\/en\/#\/schema\/logo\/image\/\"}}]}<\/script>\n<!-- \/ Yoast SEO plugin. -->","yoast_head_json":{"title":"Care services - FHU MAMUTH","robots":{"index":"index","follow":"follow","max-snippet":"max-snippet:-1","max-image-preview":"max-image-preview:large","max-video-preview":"max-video-preview:-1"},"canonical":"https:\/\/fhu-mamuth.org\/en\/care-services\/","og_locale":"en_US","og_type":"article","og_title":"Care services - FHU MAMUTH","og_description":"In order to improve patient care from prenatal to adult, the MAMUTH FHU relies on teams with complementary expertise who share a common interest in neuromuscular and skeletal diseases","og_url":"https:\/\/fhu-mamuth.org\/en\/care-services\/","og_site_name":"FHU MAMUTH","article_modified_time":"2025-07-08T10:14:59+00:00","og_image":[{"width":1600,"height":800,"url":"https:\/\/fhu-mamuth.org\/wp-content\/uploads\/2023\/02\/blok-1943960102.jpg","type":"image\/jpeg"}],"twitter_card":"summary_large_image","twitter_misc":{"Est. reading time":"3 minutes"},"schema":{"@context":"https:\/\/schema.org","@graph":[{"@type":"WebPage","@id":"https:\/\/fhu-mamuth.org\/en\/care-services\/","url":"https:\/\/fhu-mamuth.org\/en\/care-services\/","name":"Care services - FHU MAMUTH","isPartOf":{"@id":"https:\/\/fhu-mamuth.org\/en\/#website"},"primaryImageOfPage":{"@id":"https:\/\/fhu-mamuth.org\/en\/care-services\/#primaryimage"},"image":{"@id":"https:\/\/fhu-mamuth.org\/en\/care-services\/#primaryimage"},"thumbnailUrl":"https:\/\/fhu-mamuth.org\/wp-content\/uploads\/2023\/02\/blok-1943960102.jpg","datePublished":"2023-02-14T14:08:07+00:00","dateModified":"2025-07-08T10:14:59+00:00","breadcrumb":{"@id":"https:\/\/fhu-mamuth.org\/en\/care-services\/#breadcrumb"},"inLanguage":"en-US","potentialAction":[{"@type":"ReadAction","target":["https:\/\/fhu-mamuth.org\/en\/care-services\/"]}]},{"@type":"ImageObject","inLanguage":"en-US","@id":"https:\/\/fhu-mamuth.org\/en\/care-services\/#primaryimage","url":"https:\/\/fhu-mamuth.org\/wp-content\/uploads\/2023\/02\/blok-1943960102.jpg","contentUrl":"https:\/\/fhu-mamuth.org\/wp-content\/uploads\/2023\/02\/blok-1943960102.jpg","width":1600,"height":800},{"@type":"BreadcrumbList","@id":"https:\/\/fhu-mamuth.org\/en\/care-services\/#breadcrumb","itemListElement":[{"@type":"ListItem","position":1,"name":"Home","item":"https:\/\/fhu-mamuth.org\/en\/home\/"},{"@type":"ListItem","position":2,"name":"Care services"}]},{"@type":"WebSite","@id":"https:\/\/fhu-mamuth.org\/en\/#website","url":"https:\/\/fhu-mamuth.org\/en\/","name":"FHU MAMUTH","description":"FHU MAladies MUsculo-squelettiques et innovations TH\u00e9rapeutiques","publisher":{"@id":"https:\/\/fhu-mamuth.org\/en\/#organization"},"potentialAction":[{"@type":"SearchAction","target":{"@type":"EntryPoint","urlTemplate":"https:\/\/fhu-mamuth.org\/en\/?s={search_term_string}"},"query-input":{"@type":"PropertyValueSpecification","valueRequired":true,"valueName":"search_term_string"}}],"inLanguage":"en-US"},{"@type":"Organization","@id":"https:\/\/fhu-mamuth.org\/en\/#organization","name":"FHU MAMUTH","alternateName":"FHU MAladies MUsculo-squelettiques et innovations TH\u00e9rapeutiques","url":"https:\/\/fhu-mamuth.org\/en\/","logo":{"@type":"ImageObject","inLanguage":"en-US","@id":"https:\/\/fhu-mamuth.org\/en\/#\/schema\/logo\/image\/","url":"https:\/\/fhu-mamuth.org\/wp-content\/uploads\/2025\/05\/Logo_FHU_MAMUTH_H_C.svg","contentUrl":"https:\/\/fhu-mamuth.org\/wp-content\/uploads\/2025\/05\/Logo_FHU_MAMUTH_H_C.svg","caption":"FHU MAMUTH"},"image":{"@id":"https:\/\/fhu-mamuth.org\/en\/#\/schema\/logo\/image\/"}}]}},"uagb_featured_image_src":{"full":["https:\/\/fhu-mamuth.org\/wp-content\/uploads\/2023\/02\/blok-1943960102.jpg",1600,800,false],"thumbnail":["https:\/\/fhu-mamuth.org\/wp-content\/uploads\/2023\/02\/blok-1943960102-362x223.jpg",362,223,true],"medium":["https:\/\/fhu-mamuth.org\/wp-content\/uploads\/2023\/02\/blok-1943960102-600x300.jpg",600,300,true],"medium_large":["https:\/\/fhu-mamuth.org\/wp-content\/uploads\/2023\/02\/blok-1943960102-768x384.jpg",580,290,true],"large":["https:\/\/fhu-mamuth.org\/wp-content\/uploads\/2023\/02\/blok-1943960102-1024x512.jpg",580,290,true],"1536x1536":["https:\/\/fhu-mamuth.org\/wp-content\/uploads\/2023\/02\/blok-1943960102-1536x768.jpg",1536,768,true],"2048x2048":["https:\/\/fhu-mamuth.org\/wp-content\/uploads\/2023\/02\/blok-1943960102.jpg",1600,800,false],"post-thumbnail":["https:\/\/fhu-mamuth.org\/wp-content\/uploads\/2023\/02\/blok-1943960102-1200x600.jpg",1200,600,true],"twentytwenty-fullscreen":["https:\/\/fhu-mamuth.org\/wp-content\/uploads\/2023\/02\/blok-1943960102.jpg",1600,800,false]},"uagb_author_info":{"display_name":"Laurent ANGELI","author_link":"https:\/\/fhu-mamuth.org\/en\/author\/adm_fhum_la\/"},"uagb_comment_info":0,"uagb_excerpt":"In order to improve patient care from prenatal to adult, the MAMUTH FHU relies on teams with complementary expertise who share a common interest in neuromuscular and skeletal diseases","_links":{"self":[{"href":"https:\/\/fhu-mamuth.org\/en\/wp-json\/wp\/v2\/pages\/461","targetHints":{"allow":["GET"]}}],"collection":[{"href":"https:\/\/fhu-mamuth.org\/en\/wp-json\/wp\/v2\/pages"}],"about":[{"href":"https:\/\/fhu-mamuth.org\/en\/wp-json\/wp\/v2\/types\/page"}],"author":[{"embeddable":true,"href":"https:\/\/fhu-mamuth.org\/en\/wp-json\/wp\/v2\/users\/2"}],"replies":[{"embeddable":true,"href":"https:\/\/fhu-mamuth.org\/en\/wp-json\/wp\/v2\/comments?post=461"}],"version-history":[{"count":2,"href":"https:\/\/fhu-mamuth.org\/en\/wp-json\/wp\/v2\/pages\/461\/revisions"}],"predecessor-version":[{"id":872,"href":"https:\/\/fhu-mamuth.org\/en\/wp-json\/wp\/v2\/pages\/461\/revisions\/872"}],"wp:featuredmedia":[{"embeddable":true,"href":"https:\/\/fhu-mamuth.org\/en\/wp-json\/wp\/v2\/media\/434"}],"wp:attachment":[{"href":"https:\/\/fhu-mamuth.org\/en\/wp-json\/wp\/v2\/media?parent=461"}],"curies":[{"name":"wp","href":"https:\/\/api.w.org\/{rel}","templated":true}]}}