{"id":469,"date":"2023-02-03T08:58:27","date_gmt":"2023-02-03T08:58:27","guid":{"rendered":"https:\/\/fhu-mamuth.org\/politique-de-confidentialite-des-donnees\/"},"modified":"2023-11-18T16:55:38","modified_gmt":"2023-11-18T16:55:38","slug":"politique-de-confidentialite-des-donnees","status":"publish","type":"page","link":"https:\/\/fhu-mamuth.org\/en\/politique-de-confidentialite-des-donnees\/","title":{"rendered":"Politique de confidentialit\u00e9 des donn\u00e9es"},"content":{"rendered":"\n<h2 class=\"wp-block-heading\">Qui sommes-nous&nbsp;?<\/h2>\n\n\n\n<p>L\u2019adresse de notre site Web est\u00a0: https:\/\/fhu-mamuth.org.<\/p>\n\n\n\n<p>Le site de la FHU MAMUTH s\u2019adresse au grand public et aux professionnels de sant\u00e9. Il a pour but d\u2019accompagner l\u2019internaute visiteur dans sa recherche d\u2019informations sur les maladies musculo-squelettiques.<\/p>\n\n\n\n<h2 class=\"wp-block-heading\">Utilisation des donn\u00e9es personnelles collect\u00e9es<\/h2>\n\n\n\n<h3 class=\"wp-block-heading\">M\u00e9dias<\/h3>\n\n\n\n<p>Si vous \u00eates un utilisateur ou une utilisatrice enregistr\u00e9\u00b7e et que vous t\u00e9l\u00e9versez des images sur le site web, nous vous conseillons d\u2019\u00e9viter de t\u00e9l\u00e9verser des images contenant des donn\u00e9es EXIF de coordonn\u00e9es GPS. Les visiteurs de votre site web peuvent t\u00e9l\u00e9charger et extraire des donn\u00e9es de localisation depuis ces images.<\/p>\n\n\n\n<h3 class=\"wp-block-heading\">Formulaire de contact<\/h3>\n\n\n\n<p><a href=\"https:\/\/fhu-mamuth.org\/en\/nous-contacter\/\" class=\"ek-link\">Le formulaire de contact <\/a>disponible sur le site vous permet de nous envoyer des informations. Ces informations ne sont pas enregistr\u00e9es en base de donn\u00e9es, elles sont envoy\u00e9es par courriel \u00e0 la personne charg\u00e9e de les traiter. Elles sont conserv\u00e9es le temps n\u00e9cessaire au traitement de votre demande.<\/p>\n\n\n\n<h3 class=\"wp-block-heading\">Cookies<\/h3>\n\n\n\n<p>Si vous vous rendez sur la page de connexion, un cookie temporaire sera cr\u00e9\u00e9 afin de d\u00e9terminer si votre navigateur accepte les cookies. Il ne contient pas de donn\u00e9es personnelles et sera supprim\u00e9 automatiquement \u00e0 la fermeture de votre navigateur.<\/p>\n\n\n\n<p>Lorsque vous vous connecterez, nous mettrons en place un certain nombre de cookies pour enregistrer vos informations de connexion et vos pr\u00e9f\u00e9rences d\u2019\u00e9cran. La dur\u00e9e de vie d\u2019un cookie de connexion est de deux jours, celle d\u2019un cookie d\u2019option d\u2019\u00e9cran est d\u2019un an. Si vous cochez \u00ab&nbsp;Se souvenir de moi&nbsp;\u00bb, votre cookie de connexion sera conserv\u00e9 pendant deux semaines. Si vous vous d\u00e9connectez de votre compte, le cookie de connexion sera effac\u00e9.<\/p>\n\n\n\n<p>En modifiant ou en publiant une publication, un cookie suppl\u00e9mentaire sera enregistr\u00e9 dans votre navigateur. Ce cookie ne comprend aucune donn\u00e9e personnelle. Il indique simplement l\u2019ID de la publication que vous venez de modifier. Il expire au bout d\u2019un jour.<\/p>\n\n\n\n<h3 class=\"wp-block-heading\">Contenu embarqu\u00e9 depuis d\u2019autres sites<\/h3>\n\n\n\n<p>Les articles de ce site peuvent inclure des contenus int\u00e9gr\u00e9s (par exemple des vid\u00e9os, images, articles\u2026). Le contenu int\u00e9gr\u00e9 depuis d\u2019autres sites se comporte de la m\u00eame mani\u00e8re que si le visiteur se rendait sur cet autre site.<\/p>\n\n\n\n<p>Ces sites web pourraient collecter des donn\u00e9es sur vous, utiliser des cookies, embarquer des outils de suivis tiers, suivre vos interactions avec ces contenus embarqu\u00e9s si vous disposez d\u2019un compte connect\u00e9 sur leur site web.<\/p>\n\n\n\n<h3 class=\"wp-block-heading\">Statistiques et mesures d\u2019audience<\/h3>\n\n\n\n<p>Le site de la FHU MAMUTH utilise MATOMO pour analyser l\u2019audience du site et am\u00e9liorer son contenu. Cette solution est param\u00e9tr\u00e9e pour anonymiser les adresses IP des visiteurs et ne pas d\u00e9poser de cookies.<code><p id=\"matomo_opted_out_intro\" style=\"display:none;\">Opt-out complete; your visits to this website will not be recorded by the Web Analytics tool. Note that if you clear your cookies, delete the opt-out cookie, or if you change computers or Web browsers, you will need to perform the opt-out procedure again.<\/p><p id=\"matomo_opted_in_intro\" >You may choose to prevent this website from aggregating and analyzing the actions you take here. Doing so will protect your privacy, but will also prevent the owner from learning from your actions and creating a better experience for you and other users.<\/p><form>\n        <input type=\"checkbox\" id=\"matomo_optout_checkbox\" checked=\"checked\"\/>\n        <label for=\"matomo_optout_checkbox\"><strong>\n        <span id=\"matomo_opted_in_label\" >You are not opted out. Uncheck this box to opt-out.<\/span>\n\t\t<span id=\"matomo_opted_out_label\" style=\"display:none;\">You are currently opted out. Check this box to opt-in.<\/span>\n        <\/strong><\/label><\/form><noscript><p><strong style=\"color: #ff0000;\">This opt out feature requires JavaScript.<\/strong><\/p><\/noscript><p id=\"matomo_outout_err_cookies\" style=\"display: none;\"><strong>The tracking opt-out feature requires cookies to be enabled.<\/strong><\/p><\/code><\/p>\n\n\n\n<h2 class=\"wp-block-heading\">Utilisation et transmission de vos donn\u00e9es personnelles<\/h2>\n\n\n\n<p>Les donn\u00e9es personnelles recueillies par le biais du formulaire de contact ne sont pas revendues ni transmises \u00e0 des tiers. Elles sont utilis\u00e9es dans le cadre de la finalit\u00e9 pour laquelle le visiteur les a fourni.<\/p>\n\n\n\n<h2 class=\"wp-block-heading\">Dur\u00e9es de stockage de vos donn\u00e9es<\/h2>\n\n\n\n<p>Pour les utilisateurs et utilisatrices qui s\u2019enregistrent sur notre site, nous stockons les donn\u00e9es personnelles indiqu\u00e9es dans leur profil. Tous les utilisateurs et utilisatrices peuvent voir, modifier ou supprimer leurs informations personnelles \u00e0 tout moment (\u00e0 l\u2019exception de leur nom d\u2019utilisateur\u00b7ice). Les gestionnaires du site peuvent aussi voir et modifier ces informations. Elles sont conserv\u00e9es jusqu\u2019\u00e0 demande de suppression du compte par le visiteur enregistr\u00e9.<\/p>\n\n\n\n<h2 class=\"wp-block-heading\">Les droits que vous avez sur vos donn\u00e9es<\/h2>\n\n\n\n<p>Si vous avez un compte sur le site, vous pouvez demander \u00e0 recevoir un fichier contenant toutes les donn\u00e9es personnelles que nous poss\u00e9dons \u00e0 votre sujet, incluant celles que vous nous avez fournies. Vous pouvez \u00e9galement demander la suppression des donn\u00e9es personnelles vous concernant. Cela ne prend pas en compte les donn\u00e9es stock\u00e9es \u00e0 des fins administratives, l\u00e9gales ou pour des raisons de s\u00e9curit\u00e9.<\/p>\n","protected":false},"excerpt":{"rendered":"<p>Qui sommes-nous&nbsp;? L\u2019adresse de notre site Web est\u00a0: https:\/\/fhu-mamuth.org. Le site de la FHU MAMUTH s\u2019adresse au grand public et aux professionnels de sant\u00e9. Il a pour but d\u2019accompagner l\u2019internaute visiteur dans sa recherche d\u2019informations sur les maladies musculo-squelettiques. Utilisation des donn\u00e9es personnelles collect\u00e9es M\u00e9dias Si vous \u00eates un utilisateur ou une utilisatrice enregistr\u00e9\u00b7e et [&hellip;]<\/p>\n","protected":false},"author":2,"featured_media":0,"parent":0,"menu_order":999,"comment_status":"closed","ping_status":"closed","template":"","meta":{"_editorskit_title_hidden":false,"_editorskit_reading_time":0,"_editorskit_is_block_options_detached":false,"_editorskit_block_options_position":"{}","_uag_custom_page_level_css":"","footnotes":""},"class_list":["post-469","page","type-page","status-publish","hentry"],"yoast_head":"<!-- This site is optimized with the Yoast SEO plugin v27.2 - https:\/\/yoast.com\/product\/yoast-seo-wordpress\/ -->\n<title>Politique de confidentialit\u00e9 des donn\u00e9es - FHU MAMUTH<\/title>\n<meta name=\"robots\" content=\"index, follow, max-snippet:-1, max-image-preview:large, max-video-preview:-1\" \/>\n<link rel=\"canonical\" href=\"https:\/\/fhu-mamuth.org\/en\/politique-de-confidentialite-des-donnees\/\" \/>\n<meta property=\"og:locale\" content=\"en_US\" \/>\n<meta property=\"og:type\" content=\"article\" \/>\n<meta property=\"og:title\" content=\"Politique de confidentialit\u00e9 des donn\u00e9es - FHU MAMUTH\" \/>\n<meta property=\"og:description\" content=\"Qui sommes-nous&nbsp;? L\u2019adresse de notre site Web est\u00a0: https:\/\/fhu-mamuth.org. Le site de la FHU MAMUTH s\u2019adresse au grand public et aux professionnels de sant\u00e9. Il a pour but d\u2019accompagner l\u2019internaute visiteur dans sa recherche d\u2019informations sur les maladies musculo-squelettiques. Utilisation des donn\u00e9es personnelles collect\u00e9es M\u00e9dias Si vous \u00eates un utilisateur ou une utilisatrice enregistr\u00e9\u00b7e et [&hellip;]\" \/>\n<meta property=\"og:url\" content=\"https:\/\/fhu-mamuth.org\/en\/politique-de-confidentialite-des-donnees\/\" \/>\n<meta property=\"og:site_name\" content=\"FHU MAMUTH\" \/>\n<meta property=\"article:modified_time\" content=\"2023-11-18T16:55:38+00:00\" \/>\n<meta property=\"og:image\" content=\"https:\/\/fhu-mamuth.org\/wp-content\/uploads\/2023\/02\/Logo_Mamuth.png\" \/>\n\t<meta property=\"og:image:width\" content=\"400\" \/>\n\t<meta property=\"og:image:height\" content=\"273\" \/>\n\t<meta property=\"og:image:type\" content=\"image\/png\" \/>\n<meta name=\"twitter:card\" content=\"summary_large_image\" \/>\n<meta name=\"twitter:label1\" content=\"Est. reading time\" \/>\n\t<meta name=\"twitter:data1\" content=\"4 minutes\" \/>\n<script type=\"application\/ld+json\" class=\"yoast-schema-graph\">{\"@context\":\"https:\/\/schema.org\",\"@graph\":[{\"@type\":\"WebPage\",\"@id\":\"https:\/\/fhu-mamuth.org\/en\/politique-de-confidentialite-des-donnees\/\",\"url\":\"https:\/\/fhu-mamuth.org\/en\/politique-de-confidentialite-des-donnees\/\",\"name\":\"Politique de confidentialit\u00e9 des donn\u00e9es - FHU MAMUTH\",\"isPartOf\":{\"@id\":\"https:\/\/fhu-mamuth.org\/en\/#website\"},\"datePublished\":\"2023-02-03T08:58:27+00:00\",\"dateModified\":\"2023-11-18T16:55:38+00:00\",\"breadcrumb\":{\"@id\":\"https:\/\/fhu-mamuth.org\/en\/politique-de-confidentialite-des-donnees\/#breadcrumb\"},\"inLanguage\":\"en-US\",\"potentialAction\":[{\"@type\":\"ReadAction\",\"target\":[\"https:\/\/fhu-mamuth.org\/en\/politique-de-confidentialite-des-donnees\/\"]}]},{\"@type\":\"BreadcrumbList\",\"@id\":\"https:\/\/fhu-mamuth.org\/en\/politique-de-confidentialite-des-donnees\/#breadcrumb\",\"itemListElement\":[{\"@type\":\"ListItem\",\"position\":1,\"name\":\"Home\",\"item\":\"https:\/\/fhu-mamuth.org\/en\/home\/\"},{\"@type\":\"ListItem\",\"position\":2,\"name\":\"Politique de confidentialit\u00e9 des donn\u00e9es\"}]},{\"@type\":\"WebSite\",\"@id\":\"https:\/\/fhu-mamuth.org\/en\/#website\",\"url\":\"https:\/\/fhu-mamuth.org\/en\/\",\"name\":\"FHU MAMUTH\",\"description\":\"FHU MAladies MUsculo-squelettiques et innovations TH\u00e9rapeutiques\",\"publisher\":{\"@id\":\"https:\/\/fhu-mamuth.org\/en\/#organization\"},\"potentialAction\":[{\"@type\":\"SearchAction\",\"target\":{\"@type\":\"EntryPoint\",\"urlTemplate\":\"https:\/\/fhu-mamuth.org\/en\/?s={search_term_string}\"},\"query-input\":{\"@type\":\"PropertyValueSpecification\",\"valueRequired\":true,\"valueName\":\"search_term_string\"}}],\"inLanguage\":\"en-US\"},{\"@type\":\"Organization\",\"@id\":\"https:\/\/fhu-mamuth.org\/en\/#organization\",\"name\":\"FHU MAMUTH\",\"alternateName\":\"FHU MAladies MUsculo-squelettiques et innovations TH\u00e9rapeutiques\",\"url\":\"https:\/\/fhu-mamuth.org\/en\/\",\"logo\":{\"@type\":\"ImageObject\",\"inLanguage\":\"en-US\",\"@id\":\"https:\/\/fhu-mamuth.org\/en\/#\/schema\/logo\/image\/\",\"url\":\"https:\/\/fhu-mamuth.org\/wp-content\/uploads\/2025\/05\/Logo_FHU_MAMUTH_H_C.svg\",\"contentUrl\":\"https:\/\/fhu-mamuth.org\/wp-content\/uploads\/2025\/05\/Logo_FHU_MAMUTH_H_C.svg\",\"caption\":\"FHU MAMUTH\"},\"image\":{\"@id\":\"https:\/\/fhu-mamuth.org\/en\/#\/schema\/logo\/image\/\"}}]}<\/script>\n<!-- \/ Yoast SEO plugin. -->","yoast_head_json":{"title":"Politique de confidentialit\u00e9 des donn\u00e9es - FHU MAMUTH","robots":{"index":"index","follow":"follow","max-snippet":"max-snippet:-1","max-image-preview":"max-image-preview:large","max-video-preview":"max-video-preview:-1"},"canonical":"https:\/\/fhu-mamuth.org\/en\/politique-de-confidentialite-des-donnees\/","og_locale":"en_US","og_type":"article","og_title":"Politique de confidentialit\u00e9 des donn\u00e9es - FHU MAMUTH","og_description":"Qui sommes-nous&nbsp;? L\u2019adresse de notre site Web est\u00a0: https:\/\/fhu-mamuth.org. Le site de la FHU MAMUTH s\u2019adresse au grand public et aux professionnels de sant\u00e9. Il a pour but d\u2019accompagner l\u2019internaute visiteur dans sa recherche d\u2019informations sur les maladies musculo-squelettiques. Utilisation des donn\u00e9es personnelles collect\u00e9es M\u00e9dias Si vous \u00eates un utilisateur ou une utilisatrice enregistr\u00e9\u00b7e et [&hellip;]","og_url":"https:\/\/fhu-mamuth.org\/en\/politique-de-confidentialite-des-donnees\/","og_site_name":"FHU MAMUTH","article_modified_time":"2023-11-18T16:55:38+00:00","og_image":[{"width":400,"height":273,"url":"https:\/\/fhu-mamuth.org\/wp-content\/uploads\/2023\/02\/Logo_Mamuth.png","type":"image\/png"}],"twitter_card":"summary_large_image","twitter_misc":{"Est. reading time":"4 minutes"},"schema":{"@context":"https:\/\/schema.org","@graph":[{"@type":"WebPage","@id":"https:\/\/fhu-mamuth.org\/en\/politique-de-confidentialite-des-donnees\/","url":"https:\/\/fhu-mamuth.org\/en\/politique-de-confidentialite-des-donnees\/","name":"Politique de confidentialit\u00e9 des donn\u00e9es - FHU MAMUTH","isPartOf":{"@id":"https:\/\/fhu-mamuth.org\/en\/#website"},"datePublished":"2023-02-03T08:58:27+00:00","dateModified":"2023-11-18T16:55:38+00:00","breadcrumb":{"@id":"https:\/\/fhu-mamuth.org\/en\/politique-de-confidentialite-des-donnees\/#breadcrumb"},"inLanguage":"en-US","potentialAction":[{"@type":"ReadAction","target":["https:\/\/fhu-mamuth.org\/en\/politique-de-confidentialite-des-donnees\/"]}]},{"@type":"BreadcrumbList","@id":"https:\/\/fhu-mamuth.org\/en\/politique-de-confidentialite-des-donnees\/#breadcrumb","itemListElement":[{"@type":"ListItem","position":1,"name":"Home","item":"https:\/\/fhu-mamuth.org\/en\/home\/"},{"@type":"ListItem","position":2,"name":"Politique de confidentialit\u00e9 des donn\u00e9es"}]},{"@type":"WebSite","@id":"https:\/\/fhu-mamuth.org\/en\/#website","url":"https:\/\/fhu-mamuth.org\/en\/","name":"FHU MAMUTH","description":"FHU MAladies MUsculo-squelettiques et innovations TH\u00e9rapeutiques","publisher":{"@id":"https:\/\/fhu-mamuth.org\/en\/#organization"},"potentialAction":[{"@type":"SearchAction","target":{"@type":"EntryPoint","urlTemplate":"https:\/\/fhu-mamuth.org\/en\/?s={search_term_string}"},"query-input":{"@type":"PropertyValueSpecification","valueRequired":true,"valueName":"search_term_string"}}],"inLanguage":"en-US"},{"@type":"Organization","@id":"https:\/\/fhu-mamuth.org\/en\/#organization","name":"FHU MAMUTH","alternateName":"FHU MAladies MUsculo-squelettiques et innovations TH\u00e9rapeutiques","url":"https:\/\/fhu-mamuth.org\/en\/","logo":{"@type":"ImageObject","inLanguage":"en-US","@id":"https:\/\/fhu-mamuth.org\/en\/#\/schema\/logo\/image\/","url":"https:\/\/fhu-mamuth.org\/wp-content\/uploads\/2025\/05\/Logo_FHU_MAMUTH_H_C.svg","contentUrl":"https:\/\/fhu-mamuth.org\/wp-content\/uploads\/2025\/05\/Logo_FHU_MAMUTH_H_C.svg","caption":"FHU MAMUTH"},"image":{"@id":"https:\/\/fhu-mamuth.org\/en\/#\/schema\/logo\/image\/"}}]}},"uagb_featured_image_src":{"full":false,"thumbnail":false,"medium":false,"medium_large":false,"large":false,"1536x1536":false,"2048x2048":false,"post-thumbnail":false,"twentytwenty-fullscreen":false},"uagb_author_info":{"display_name":"Laurent ANGELI","author_link":"https:\/\/fhu-mamuth.org\/en\/author\/adm_fhum_la\/"},"uagb_comment_info":0,"uagb_excerpt":"Qui sommes-nous&nbsp;? L\u2019adresse de notre site Web est\u00a0: https:\/\/fhu-mamuth.org. Le site de la FHU MAMUTH s\u2019adresse au grand public et aux professionnels de sant\u00e9. Il a pour but d\u2019accompagner l\u2019internaute visiteur dans sa recherche d\u2019informations sur les maladies musculo-squelettiques. Utilisation des donn\u00e9es personnelles collect\u00e9es M\u00e9dias Si vous \u00eates un utilisateur ou une utilisatrice enregistr\u00e9\u00b7e et&hellip;","_links":{"self":[{"href":"https:\/\/fhu-mamuth.org\/en\/wp-json\/wp\/v2\/pages\/469","targetHints":{"allow":["GET"]}}],"collection":[{"href":"https:\/\/fhu-mamuth.org\/en\/wp-json\/wp\/v2\/pages"}],"about":[{"href":"https:\/\/fhu-mamuth.org\/en\/wp-json\/wp\/v2\/types\/page"}],"author":[{"embeddable":true,"href":"https:\/\/fhu-mamuth.org\/en\/wp-json\/wp\/v2\/users\/2"}],"replies":[{"embeddable":true,"href":"https:\/\/fhu-mamuth.org\/en\/wp-json\/wp\/v2\/comments?post=469"}],"version-history":[{"count":3,"href":"https:\/\/fhu-mamuth.org\/en\/wp-json\/wp\/v2\/pages\/469\/revisions"}],"predecessor-version":[{"id":636,"href":"https:\/\/fhu-mamuth.org\/en\/wp-json\/wp\/v2\/pages\/469\/revisions\/636"}],"wp:attachment":[{"href":"https:\/\/fhu-mamuth.org\/en\/wp-json\/wp\/v2\/media?parent=469"}],"curies":[{"name":"wp","href":"https:\/\/api.w.org\/{rel}","templated":true}]}}